{"id":31,"date":"2018-05-23T14:41:48","date_gmt":"2018-05-23T14:41:48","guid":{"rendered":"http:\/\/cave-woman.de\/?page_id=31"},"modified":"2018-06-25T19:12:37","modified_gmt":"2018-06-25T19:12:37","slug":"datenschutz","status":"publish","type":"page","link":"https:\/\/cave-woman.de\/?page_id=31","title":{"rendered":"Datenschutz"},"content":{"rendered":"<h1><span style=\"color: #999999;\"><strong>Datenschutzerkl\u00e4rung<\/strong><\/span><\/h1>\n<h3><span style=\"color: #999999;\">Grundlegendes<\/span><\/h3>\n<p><span style=\"color: #999999;\">Diese Datenschutzerkl\u00e4rung soll die Nutzer dieser Website \u00fcber die Art, den Umfang und<\/span><br \/>\n<span style=\"color: #999999;\">den Zweck der Erhebung und Verwendung personenbezogener Daten durch den<\/span><br \/>\n<span style=\"color: #999999;\">Websitebetreiber Susanne Schmidt\u00a0 informieren.<\/span><br \/>\n<span style=\"color: #999999;\">Der Websitebetreiber nimmt Ihren Datenschutz sehr ernst und behandelt Ihre<\/span><br \/>\n<span style=\"color: #999999;\">personenbezogenen Daten vertraulich und entsprechend der gesetzlichen Vorschriften. Da<\/span><br \/>\n<span style=\"color: #999999;\">durch neue Technologien und die st\u00e4ndige Weiterentwicklung dieser Webseite \u00c4nderungen<\/span><br \/>\n<span style=\"color: #999999;\">an dieser Datenschutzerkl\u00e4rung vorgenommen werden k\u00f6nnen, empfehlen wir Ihnen sich die<\/span><br \/>\n<span style=\"color: #999999;\">Datenschutzerkl\u00e4rung in regelm\u00e4\u00dfigen Abst\u00e4nden wieder durchzulesen.<\/span><br \/>\n<span style=\"color: #999999;\">Definitionen der verwendeten Begriffe (z.B. \u201cpersonenbezogene Daten\u201d oder \u201cVerarbeitung\u201d)<\/span><br \/>\n<span style=\"color: #999999;\">finden Sie in Art. 4 DSGVO.<\/span><\/p>\n<h4><span style=\"color: #999999;\">Zugriffsdaten<\/span><\/h4>\n<p><span style=\"color: #999999;\">Wir, der Websitebetreiber bzw. Seitenprovider, erheben aufgrund unseres berechtigten<\/span><br \/>\n<span style=\"color: #999999;\">Interesses (s. Art. 6 Abs. 1 lit. f. DSGVO) Daten \u00fcber Zugriffe auf die Website und speichern<\/span><br \/>\n<span style=\"color: #999999;\">diese als \u201eServer-Logfiles\u201c auf dem Server der Website ab. Folgende Daten werden so<\/span><br \/>\n<span style=\"color: #999999;\">protokolliert:<\/span><\/p>\n<ul>\n<li><span style=\"color: #999999;\">\u00a0Besuchte Website<\/span><\/li>\n<li><span style=\"color: #999999;\">\u00a0Uhrzeit zum Zeitpunkt des Zugriffes<\/span><\/li>\n<li><span style=\"color: #999999;\">Menge der gesendeten Daten in Byte<\/span><\/li>\n<li><span style=\"color: #999999;\">Quelle\/Verweis, von welchem Sie auf die Seite gelangten<\/span><\/li>\n<li><span style=\"color: #999999;\">\u00a0Verwendeter Browser<\/span><\/li>\n<li><span style=\"color: #999999;\">Verwendetes Betriebssystem<\/span><\/li>\n<li><span style=\"color: #999999;\">Verwendete IP-Adresse<\/span><\/li>\n<\/ul>\n<p><span style=\"color: #999999;\">Die Server-Logfiles werden f\u00fcr maximal 60 Tage gespeichert und anschlie\u00dfend gel\u00f6scht. Die<\/span><br \/>\n<span style=\"color: #999999;\">Speicherung der Daten erfolgt aus Sicherheitsgr\u00fcnden, um z. B. Missbrauchsf\u00e4lle aufkl\u00e4ren<\/span><br \/>\n<span style=\"color: #999999;\">zu k\u00f6nnen. M\u00fcssen Daten aus Beweisgr\u00fcnden aufgehoben werden, sind sie solange von der<\/span><br \/>\n<span style=\"color: #999999;\">L\u00f6schung ausgenommen bis der Vorfall endg\u00fcltig gekl\u00e4rt ist.<\/span><br \/>\n<span style=\"color: #999999;\">Reichweitenmessung &amp; Cookies<\/span><br \/>\n<span style=\"color: #999999;\">Diese Website verwendet Cookies zur pseudonymisierten Reichweitenmessung, die<\/span><br \/>\n<span style=\"color: #999999;\">entweder von unserem Server oder dem Server Dritter an den Browser des Nutzers<\/span><br \/>\n<span style=\"color: #999999;\">Muster von datenschutz.org<\/span><br \/>\n<span style=\"color: #999999;\">\u00fcbertragen werden. Bei Cookies handelt es sich um kleine Dateien, welche auf Ihrem<\/span><br \/>\n<span style=\"color: #999999;\">Endger\u00e4t gespeichert werden. Ihr Browser greift auf diese Dateien zu. Durch den Einsatz<\/span><br \/>\n<span style=\"color: #999999;\">von Cookies erh\u00f6ht sich die Benutzerfreundlichkeit und Sicherheit dieser Website.<\/span><br \/>\n<span style=\"color: #999999;\">Falls Sie nicht m\u00f6chten, dass Cookies zur Reichweitenmessung auf Ihrem Endger\u00e4t<\/span><br \/>\n<span style=\"color: #999999;\">gespeichert werden, bitte ich Sie die Speicherung von Cookies im Browser zu deaktivieren.<\/span><\/p>\n<p><span style=\"color: #999999;\">G\u00e4ngige Browser bieten die Einstellungsoption, Cookies nicht zuzulassen. Hinweis: Es ist<\/span><br \/>\n<span style=\"color: #999999;\">nicht gew\u00e4hrleistet, dass Sie auf alle Funktionen dieser Website ohne Einschr\u00e4nkungen<\/span><br \/>\n<span style=\"color: #999999;\">zugreifen k\u00f6nnen, wenn Sie entsprechende Einstellungen vornehmen.<\/span><br \/>\n<span style=\"color: #999999;\">Erfassung und Verarbeitung personenbezogener Daten<\/span><br \/>\n<span style=\"color: #999999;\">Der Websitebetreiber erhebt, nutzt und gibt Ihre personenbezogenen Daten nur dann weiter,<\/span><br \/>\n<span style=\"color: #999999;\">wenn dies im gesetzlichen Rahmen erlaubt ist oder Sie in die Datenerhebung einwilligen.<\/span><br \/>\n<span style=\"color: #999999;\">Als personenbezogene Daten gelten s\u00e4mtliche Informationen, welche dazu dienen, Ihre<\/span><br \/>\n<span style=\"color: #999999;\">Person zu bestimmen und welche zu Ihnen zur\u00fcckverfolgt werden k\u00f6nnen \u2013 also<\/span><br \/>\n<span style=\"color: #999999;\">beispielsweise Ihr Name, Ihre E-Mail-Adresse und Telefonnummer.<\/span><br \/>\n<span style=\"color: #999999;\">Diese Website k\u00f6nnen Sie auch besuchen, ohne Angaben zu Ihrer Person zu machen. Zur<\/span><br \/>\n<span style=\"color: #999999;\">Verbesserung unseres Online-Angebotes speichern wir jedoch (ohne Personenbezug) Ihre<\/span><br \/>\n<span style=\"color: #999999;\">Zugriffsdaten auf diese Website. Zu diesen Zugriffsdaten geh\u00f6ren z. B. die von Ihnen<\/span><br \/>\n<span style=\"color: #999999;\">angeforderte Datei oder der Name Ihres Internet-Providers. Durch die Anonymisierung der<\/span><br \/>\n<span style=\"color: #999999;\">Daten sind R\u00fcckschl\u00fcsse auf Ihre Person nicht m\u00f6glich.<\/span><\/p>\n<ul>\n<li><span style=\"color: #999999;\">Wie? &#8211; Wir verarbeiten personenbezogene Daten nur nach ausdr\u00fccklicher Erlaubnis<\/span><br \/>\n<span style=\"color: #999999;\">der betreffenden Nutzer und unter Einhaltung der geltenden<\/span><br \/>\n<span style=\"color: #999999;\">Datenschutzbestimmungen.<\/span><\/li>\n<li><span style=\"color: #999999;\">Warum? &#8211; Die Verarbeitung der personenbezogenen Daten erfolgt aufgrund unseres<\/span><br \/>\n<span style=\"color: #999999;\">berechtigten Interesses zur Erf\u00fcllung unserer vertraglich vereinbarten Leistungen und<\/span><br \/>\n<span style=\"color: #999999;\">zur Optimierung unseres Online-Angebotes.<\/span><\/li>\n<\/ul>\n<h4><span style=\"color: #999999;\">Umgang mit Kontaktdaten<\/span><\/h4>\n<p><span style=\"color: #999999;\">Nehmen Sie mit uns als Websitebetreiber durch die angebotenen Kontaktm\u00f6glichkeiten<\/span><br \/>\n<span style=\"color: #999999;\">Verbindung auf, werden Ihre Angaben gespeichert, damit auf diese zur Bearbeitung und<\/span><br \/>\n<span style=\"color: #999999;\">Beantwortung Ihrer Anfrage zur\u00fcckgegriffen werden kann. Ohne Ihre Einwilligung werden<\/span><br \/>\n<span style=\"color: #999999;\">diese Daten nicht an Dritte weitergegeben.<\/span><\/p>\n<h4><span style=\"color: #999999;\">Google Analytics<\/span><\/h4>\n<p><span style=\"color: #999999;\">Diese Website nutzt aufgrund unserer berechtigten Interessen zur Optimierung und Analyse<\/span><br \/>\n<span style=\"color: #999999;\">unseres Online-Angebots im Sinne des Art. 6 Abs. 1 lit. f. DSGVO den Dienst \u201eGoogle<\/span><br \/>\n<span style=\"color: #999999;\">Analytics\u201c, welcher von der Google Inc. (1600 Amphitheatre Parkway Mountain View, CA<\/span><br \/>\n<span style=\"color: #999999;\">94043, USA) angeboten wird. Der Dienst (Google Analytics) verwendet \u201eCookies\u201c \u2013<\/span><br \/>\n<span style=\"color: #999999;\">Textdateien, welche auf Ihrem Endger\u00e4t gespeichert werden. Die durch die Cookies<\/span><br \/>\n<span style=\"color: #999999;\">gesammelten Informationen werden im Regelfall an einen Google-Server in den USA<\/span><br \/>\n<span style=\"color: #999999;\">gesandt und dort gespeichert.<\/span><br \/>\n<span style=\"color: #999999;\">Google LLC h\u00e4lt das europ\u00e4ische Datenschutzrecht ein und ist unter dem Privacy-ShieldAbkommen<\/span><br \/>\n<span style=\"color: #999999;\">zertifiziert:<\/span><br \/>\n<span style=\"color: #999999;\">https:\/\/www.privacyshield.gov\/participant?id=a2zt000000001L5AAI&amp;status=Active<\/span><br \/>\n<span style=\"color: #999999;\">Auf dieser Website greift die IP-Anonymisierung. Die IP-Adresse der Nutzer wird innerhalb<\/span><br \/>\n<span style=\"color: #999999;\">der Mitgliedsstaaten der EU und des Europ\u00e4ischen Wirtschaftsraum und in den anderen<\/span><br \/>\n<span style=\"color: #999999;\">Vertragsstaaten des Abkommens gek\u00fcrzt. Nur in Einzelf\u00e4llen wird die IP-Adresse zun\u00e4chst<\/span><br \/>\n<span style=\"color: #999999;\">ungek\u00fcrzt in die USA an einen Server von Google \u00fcbertragen und dort gek\u00fcrzt. Durch diese<\/span><br \/>\n<span style=\"color: #999999;\">K\u00fcrzung entf\u00e4llt der Personenbezug Ihrer IP-Adresse. Die vom Browser \u00fcbermittelte IPAdresse<\/span><br \/>\n<span style=\"color: #999999;\">des Nutzers wird nicht mit anderen von Google gespeicherten Daten kombiniert.<\/span><br \/>\n<span style=\"color: #999999;\">Im Rahmen der Vereinbarung zur Auftragsdatenvereinbarung, welche wir als<\/span><br \/>\n<span style=\"color: #999999;\">Websitebetreiber mit der Google Inc. geschlossen haben, erstellt diese mithilfe der<\/span><br \/>\n<span style=\"color: #999999;\">gesammelten Informationen eine Auswertung der Websitenutzung und der Websiteaktivit\u00e4t<\/span><br \/>\n<span style=\"color: #999999;\">und erbringt mit der Internetnutzung verbundene Dienstleistungen.<\/span><br \/>\n<span style=\"color: #999999;\">Die von Google in unserem Auftrag erhobenen Daten werden genutzt, um die Nutzung<\/span><br \/>\n<span style=\"color: #999999;\">unseres Online-Angebots durch die einzelnen Nutzer auswerten zu k\u00f6nnen, z. B. um<\/span><br \/>\n<span style=\"color: #999999;\">Reports \u00fcber die Aktivit\u00e4t auf der Website zu erstellen, um unser Online-Angebot zu<\/span><br \/>\n<span style=\"color: #999999;\">verbessern.<\/span><br \/>\n<span style=\"color: #999999;\">Sie haben die M\u00f6glichkeit, die Speicherung der Cookies auf Ihrem Ger\u00e4t zu verhindern,<\/span><br \/>\n<span style=\"color: #999999;\">indem Sie in Ihrem Browser entsprechende Einstellungen vornehmen. Es ist nicht<\/span><br \/>\n<span style=\"color: #999999;\">gew\u00e4hrleistet, dass Sie auf alle Funktionen dieser Website ohne Einschr\u00e4nkungen zugreifen<\/span><br \/>\n<span style=\"color: #999999;\">k\u00f6nnen, wenn Ihr Browser keine Cookies zul\u00e4sst.<\/span><br \/>\n<span style=\"color: #999999;\">Weiterhin k\u00f6nnen Sie durch ein Browser-Plugin verhindern, dass die durch Cookies<\/span><br \/>\n<span style=\"color: #999999;\">gesammelten Informationen (inklusive Ihrer IP-Adresse) an die Google Inc. gesendet und<\/span><br \/>\n<span style=\"color: #999999;\">von der Google Inc. genutzt werden. Folgender Link f\u00fchrt Sie zu dem entsprechenden<\/span><br \/>\n<span style=\"color: #999999;\">Plugin: https:\/\/tools.google.com\/dlpage\/gaoptout?hl=de<\/span><br \/>\n<span style=\"color: #999999;\">Alternativ verhindern Sie mit einem Klick auf diesen Link (WICHTIG: Opt-Out-Link einf\u00fcgen),<\/span><br \/>\n<span style=\"color: #999999;\">dass Google Analytics innerhalb dieser Website Daten \u00fcber Sie erfasst. Mit dem Klick auf<\/span><br \/>\n<span style=\"color: #999999;\">obigen Link laden Sie ein \u201eOpt-Out-Cookie\u201c herunter. Ihr Browser muss die Speicherung von<\/span><br \/>\n<span style=\"color: #999999;\">Cookies also hierzu grunds\u00e4tzlich erlauben. L\u00f6schen Sie Ihre Cookies regelm\u00e4\u00dfig, ist ein<\/span><br \/>\n<span style=\"color: #999999;\">erneuter Klick auf den Link bei jedem Besuch dieser Website vonn\u00f6ten.<\/span><br \/>\n<span style=\"color: #999999;\">Muster von datenschutz.org<\/span><br \/>\n<span style=\"color: #999999;\">Hier finden Sie weitere Informationen zur Datennutzung durch die Google Inc.:<\/span><\/p>\n<ul>\n<li><span style=\"color: #999999;\">https:\/\/policies.google.com\/privacy\/partners?hl=de (Daten, die von GooglePartnern<\/span><br \/>\n<span style=\"color: #999999;\">rhoben werden)<\/span><\/li>\n<li><span style=\"color: #999999;\">https:\/\/adssettings.google.de\/authenticated (Einstellungen \u00fcber Werbung, die<\/span><br \/>\n<span style=\"color: #999999;\">Ihnen angezeigt wird)<\/span><\/li>\n<li><span style=\"color: #999999;\">https:\/\/policies.google.com\/technologies\/ads?hl=de (Verwendung von Cookies in<\/span><br \/>\n<span style=\"color: #999999;\">Anzeigen)<\/span><\/li>\n<\/ul>\n<h4><span style=\"color: #999999;\">L\u00f6schung von Daten<\/span><\/h4>\n<p><span style=\"color: #999999;\">Sofern Ihr Wunsch nicht mit einer gesetzlichen Pflicht zur Aufbewahrung von Daten (z. B.<\/span><br \/>\n<span style=\"color: #999999;\">Vorratsdatenspeicherung) kollidiert, haben Sie ein Anrecht auf L\u00f6schung Ihrer Daten. Von<\/span><br \/>\n<span style=\"color: #999999;\">uns gespeicherte Daten werden, sollten sie f\u00fcr ihre Zweckbestimmung nicht mehr vonn\u00f6ten<\/span><br \/>\n<span style=\"color: #999999;\">sein und es keine gesetzlichen Aufbewahrungsfristen geben, gel\u00f6scht. Falls eine L\u00f6schung<\/span><br \/>\n<span style=\"color: #999999;\">nicht durchgef\u00fchrt werden kann, da die Daten f\u00fcr zul\u00e4ssige gesetzliche Zwecke erforderlich<\/span><br \/>\n<span style=\"color: #999999;\">sind, erfolgt eine Einschr\u00e4nkung der Datenverarbeitung. In diesem Fall werden die Daten<\/span><br \/>\n<span style=\"color: #999999;\">gesperrt und nicht f\u00fcr andere Zwecke verarbeitet.<\/span><br \/>\n<span style=\"color: #999999;\">Widerspruchsrecht<\/span><br \/>\n<span style=\"color: #999999;\">Nutzer dieser Webseite k\u00f6nnen von ihrem Widerspruchsrecht Gebrauch machen und der<\/span><br \/>\n<span style=\"color: #999999;\">Verarbeitung ihrer personenbezogenen Daten zu jeder Zeit widersprechen.<\/span><br \/>\n<span style=\"color: #999999;\">Muster von datenschutz.org<\/span><br \/>\n<span style=\"color: #999999;\">Wenn Sie eine Berichtigung, Sperrung, L\u00f6schung oder Auskunft \u00fcber die zu Ihrer Person<\/span><br \/>\n<span style=\"color: #999999;\">gespeicherten personenbezogenen Daten w\u00fcnschen oder Fragen bzgl. der Erhebung,<\/span><br \/>\n<span style=\"color: #999999;\">Verarbeitung oder Verwendung Ihrer personenbezogenen Daten haben oder erteilte<\/span><br \/>\n<span style=\"color: #999999;\">Einwilligungen widerrufen m\u00f6chten, wenden Sie sich bitte an folgende E-Mail-Adresse: susanne@cave-woman.de<\/span><br \/>\n<span style=\"color: #999999;\">Hinweis: Je nachdem welche personenbezogenen Daten, Cookies, Plugins etc. Sie auf Ihrer<\/span><br \/>\n<span style=\"color: #999999;\">Webseite verwenden, m\u00fcssen Sie in Ihrer Datenschutzerkl\u00e4rung weitere Informationen<\/span><br \/>\n<span style=\"color: #999999;\">auff\u00fchren.<\/span><\/p>\n","protected":false},"excerpt":{"rendered":"<p>Datenschutzerkl\u00e4rung Grundlegendes Diese Datenschutzerkl\u00e4rung soll die Nutzer dieser Website \u00fcber die Art, den Umfang und den Zweck der Erhebung und Verwendung personenbezogener Daten durch den Websitebetreiber Susanne Schmidt\u00a0 informieren. Der Websitebetreiber nimmt Ihren Datenschutz sehr ernst und behandelt Ihre personenbezogenen Daten vertraulich und entsprechend der gesetzlichen Vorschriften. Da durch neue Technologien und die st\u00e4ndige Weiterentwicklung [&hellip;]<\/p>\n","protected":false},"author":2,"featured_media":0,"parent":0,"menu_order":0,"comment_status":"closed","ping_status":"closed","template":"","meta":[],"_links":{"self":[{"href":"https:\/\/cave-woman.de\/index.php?rest_route=\/wp\/v2\/pages\/31"}],"collection":[{"href":"https:\/\/cave-woman.de\/index.php?rest_route=\/wp\/v2\/pages"}],"about":[{"href":"https:\/\/cave-woman.de\/index.php?rest_route=\/wp\/v2\/types\/page"}],"author":[{"embeddable":true,"href":"https:\/\/cave-woman.de\/index.php?rest_route=\/wp\/v2\/users\/2"}],"replies":[{"embeddable":true,"href":"https:\/\/cave-woman.de\/index.php?rest_route=%2Fwp%2Fv2%2Fcomments&post=31"}],"version-history":[{"count":7,"href":"https:\/\/cave-woman.de\/index.php?rest_route=\/wp\/v2\/pages\/31\/revisions"}],"predecessor-version":[{"id":205,"href":"https:\/\/cave-woman.de\/index.php?rest_route=\/wp\/v2\/pages\/31\/revisions\/205"}],"wp:attachment":[{"href":"https:\/\/cave-woman.de\/index.php?rest_route=%2Fwp%2Fv2%2Fmedia&parent=31"}],"curies":[{"name":"wp","href":"https:\/\/api.w.org\/{rel}","templated":true}]}}